{"id":1456,"date":"2025-10-06T16:12:08","date_gmt":"2025-10-06T16:12:08","guid":{"rendered":"https:\/\/salutionhr.com\/?page_id=1456"},"modified":"2025-10-28T14:01:26","modified_gmt":"2025-10-28T14:01:26","slug":"nuestro-diferencial-2","status":"publish","type":"page","link":"https:\/\/salutionhr.com\/en\/","title":{"rendered":"Nuestro Diferencial"},"content":{"rendered":"<div data-elementor-type=\"wp-page\" data-elementor-id=\"1456\" class=\"elementor elementor-1456\">\n\t\t\t\t\t\t<section class=\"elementor-section elementor-top-section elementor-element elementor-element-029f5f7 elementor-section-content-middle elementor-section-stretched elementor-section-boxed elementor-section-height-default elementor-section-height-default\" data-id=\"029f5f7\" data-element_type=\"section\" data-e-type=\"section\" data-settings=\"{&quot;stretch_section&quot;:&quot;section-stretched&quot;}\">\n\t\t\t\t\t\t<div class=\"elementor-container elementor-column-gap-default\">\n\t\t\t\t\t<div class=\"elementor-column elementor-col-100 elementor-top-column elementor-element elementor-element-546a074\" data-id=\"546a074\" data-element_type=\"column\" data-e-type=\"column\">\n\t\t\t<div class=\"elementor-widget-wrap elementor-element-populated\">\n\t\t\t\t\t\t<div class=\"elementor-element elementor-element-3ecce7c elementor-widget elementor-widget-text-editor\" data-id=\"3ecce7c\" data-element_type=\"widget\" data-e-type=\"widget\" data-widget_type=\"text-editor.default\">\n\t\t\t\t<div class=\"elementor-widget-container\">\n\t\t\t\t\t\t\t\t\t<h2>Somos una&nbsp;<strong>C\u00eda. Boutique de HR<\/strong>, especializada en&nbsp;<i><strong>Hunting y Desarrollo de Talento Tech y Digital<\/strong>,<\/i> con cobertura&nbsp;<strong>internacional<\/strong>.<\/h2>\t\t\t\t\t\t\t\t<\/div>\n\t\t\t\t<\/div>\n\t\t\t\t\t<\/div>\n\t\t<\/div>\n\t\t\t\t\t<\/div>\n\t\t<\/section>\n\t\t\t\t<section class=\"elementor-section elementor-top-section elementor-element elementor-element-a39cac2 elementor-section-stretched elementor-section-boxed elementor-section-height-default elementor-section-height-default\" data-id=\"a39cac2\" data-element_type=\"section\" data-e-type=\"section\" data-settings=\"{&quot;stretch_section&quot;:&quot;section-stretched&quot;}\">\n\t\t\t\t\t\t<div class=\"elementor-container elementor-column-gap-default\">\n\t\t\t\t\t<div class=\"elementor-column elementor-col-100 elementor-top-column elementor-element elementor-element-b862d34\" data-id=\"b862d34\" data-element_type=\"column\" data-e-type=\"column\">\n\t\t\t<div class=\"elementor-widget-wrap elementor-element-populated\">\n\t\t\t\t\t\t<div class=\"elementor-element elementor-element-bb2ac53 animated-slow elementor-invisible elementor-widget elementor-widget-text-editor\" data-id=\"bb2ac53\" data-element_type=\"widget\" data-e-type=\"widget\" data-settings=\"{&quot;_animation&quot;:&quot;fadeInLeft&quot;}\" data-widget_type=\"text-editor.default\">\n\t\t\t\t<div class=\"elementor-widget-container\">\n\t\t\t\t\t\t\t\t\t<p>Acompa\u00f1amos a <i>empresas en crecimiento y transformaci\u00f3n,<\/i> conect\u00e1ndolas con <b>profesionales que marcan la diferencia<\/b>.&nbsp;<\/p>\t\t\t\t\t\t\t\t<\/div>\n\t\t\t\t<\/div>\n\t\t\t\t\t<\/div>\n\t\t<\/div>\n\t\t\t\t\t<\/div>\n\t\t<\/section>\n\t\t\t\t<section class=\"elementor-section elementor-top-section elementor-element elementor-element-f367e71 elementor-section-content-middle elementor-section-stretched elementor-section-boxed elementor-section-height-default elementor-section-height-default\" data-id=\"f367e71\" data-element_type=\"section\" data-e-type=\"section\" data-settings=\"{&quot;stretch_section&quot;:&quot;section-stretched&quot;}\">\n\t\t\t\t\t\t<div class=\"elementor-container elementor-column-gap-default\">\n\t\t\t\t\t<div class=\"elementor-column elementor-col-100 elementor-top-column elementor-element elementor-element-9d51102\" data-id=\"9d51102\" data-element_type=\"column\" data-e-type=\"column\">\n\t\t\t<div class=\"elementor-widget-wrap elementor-element-populated\">\n\t\t\t\t\t\t<div class=\"elementor-element elementor-element-b00507a animated-slow elementor-invisible elementor-widget elementor-widget-text-editor\" data-id=\"b00507a\" data-element_type=\"widget\" data-e-type=\"widget\" data-settings=\"{&quot;_animation&quot;:&quot;fadeInRight&quot;}\" data-widget_type=\"text-editor.default\">\n\t\t\t\t<div class=\"elementor-widget-container\">\n\t\t\t\t\t\t\t\t\t<p>\u00a0Tenemos presencia f\u00edsica en <strong>Argentina, M\u00e9xico y Estados Unidos<\/strong>, lo que nos permite operar con agilidad en Latinoam\u00e9rica y el mercado hispano en EE.UU.<\/p><p>Actuamos como<strong> socios estrat\u00e9gicos<\/strong>, acompa\u00f1ando cada desaf\u00edo con mirada consultiva, <strong><em>agilidad y foco en resultados.<\/em><\/strong><\/p>\t\t\t\t\t\t\t\t<\/div>\n\t\t\t\t<\/div>\n\t\t\t\t\t<\/div>\n\t\t<\/div>\n\t\t\t\t\t<\/div>\n\t\t<\/section>\n\t\t\t\t<section class=\"elementor-section elementor-top-section elementor-element elementor-element-f18672a elementor-section-content-middle elementor-section-stretched elementor-section-boxed elementor-section-height-default elementor-section-height-default\" data-id=\"f18672a\" data-element_type=\"section\" data-e-type=\"section\" data-settings=\"{&quot;stretch_section&quot;:&quot;section-stretched&quot;}\">\n\t\t\t\t\t\t<div class=\"elementor-container elementor-column-gap-default\">\n\t\t\t\t\t<div class=\"elementor-column elementor-col-100 elementor-top-column elementor-element elementor-element-2bfacec\" data-id=\"2bfacec\" data-element_type=\"column\" data-e-type=\"column\">\n\t\t\t<div class=\"elementor-widget-wrap elementor-element-populated\">\n\t\t\t\t\t\t<div class=\"elementor-element elementor-element-0e6c653 animated-slow elementor-invisible elementor-widget elementor-widget-text-editor\" data-id=\"0e6c653\" data-element_type=\"widget\" data-e-type=\"widget\" data-settings=\"{&quot;_animation&quot;:&quot;fadeInRight&quot;}\" data-widget_type=\"text-editor.default\">\n\t\t\t\t<div class=\"elementor-widget-container\">\n\t\t\t\t\t\t\t\t\t<p>Sabemos que <b>encontrar el talento adecuado puede ser un desaf\u00edo,<\/b> pero estamos ac\u00e1 para transformar ese proceso en una <b>experiencia estrat\u00e9gica y efectiva.<\/b><\/p>\t\t\t\t\t\t\t\t<\/div>\n\t\t\t\t<\/div>\n\t\t\t\t<div class=\"elementor-element elementor-element-085140b elementor-widget-divider--view-line elementor-widget elementor-widget-divider\" data-id=\"085140b\" data-element_type=\"widget\" data-e-type=\"widget\" data-widget_type=\"divider.default\">\n\t\t\t\t<div class=\"elementor-widget-container\">\n\t\t\t\t\t\t\t<div class=\"elementor-divider\">\n\t\t\t<span class=\"elementor-divider-separator\">\n\t\t\t\t\t\t<\/span>\n\t\t<\/div>\n\t\t\t\t\t\t<\/div>\n\t\t\t\t<\/div>\n\t\t\t\t<div class=\"elementor-element elementor-element-733ef44 animated-slow elementor-invisible elementor-widget elementor-widget-text-editor\" data-id=\"733ef44\" data-element_type=\"widget\" data-e-type=\"widget\" data-settings=\"{&quot;_animation&quot;:&quot;fadeInRight&quot;}\" data-widget_type=\"text-editor.default\">\n\t\t\t\t<div class=\"elementor-widget-container\">\n\t\t\t\t\t\t\t\t\t<p><img decoding=\"async\" class=\"wp-image-1635 alignnone\" src=\"https:\/\/salutionhr.com\/wp-content\/uploads\/2025\/10\/check-300x300.avif\" alt=\"\" width=\"27\" height=\"27\" srcset=\"https:\/\/salutionhr.com\/wp-content\/uploads\/2025\/10\/check-300x300.avif 300w, https:\/\/salutionhr.com\/wp-content\/uploads\/2025\/10\/check-150x150.avif 150w, https:\/\/salutionhr.com\/wp-content\/uploads\/2025\/10\/check-12x12.avif 12w, https:\/\/salutionhr.com\/wp-content\/uploads\/2025\/10\/check.avif 740w\" sizes=\"(max-width: 27px) 100vw, 27px\" \/> Rate: 98%<\/p><p style=\"text-align: left;\"><img decoding=\"async\" class=\"wp-image-1663 alignnone\" src=\"https:\/\/salutionhr.com\/wp-content\/uploads\/2025\/10\/icono-300x300.png\" alt=\"\" width=\"24\" height=\"24\" srcset=\"https:\/\/salutionhr.com\/wp-content\/uploads\/2025\/10\/icono-300x300.png 300w, https:\/\/salutionhr.com\/wp-content\/uploads\/2025\/10\/icono-150x150.png 150w, https:\/\/salutionhr.com\/wp-content\/uploads\/2025\/10\/icono-12x12.png 12w, https:\/\/salutionhr.com\/wp-content\/uploads\/2025\/10\/icono.png 512w\" sizes=\"(max-width: 24px) 100vw, 24px\" \/> Vacantes: +10.000 cubiertas<\/p><p><img decoding=\"async\" class=\"alignnone wp-image-1664\" src=\"https:\/\/salutionhr.com\/wp-content\/uploads\/2025\/10\/handshake-300x300.webp\" alt=\"\" width=\"29\" height=\"29\" srcset=\"https:\/\/salutionhr.com\/wp-content\/uploads\/2025\/10\/handshake-300x300.webp 300w, https:\/\/salutionhr.com\/wp-content\/uploads\/2025\/10\/handshake-150x150.webp 150w, https:\/\/salutionhr.com\/wp-content\/uploads\/2025\/10\/handshake-12x12.webp 12w, https:\/\/salutionhr.com\/wp-content\/uploads\/2025\/10\/handshake.webp 512w\" sizes=\"(max-width: 29px) 100vw, 29px\" \/> Empresas que conf\u00edan en nuestro servicio +500<\/p><p><img loading=\"lazy\" decoding=\"async\" class=\"alignnone wp-image-1667\" src=\"https:\/\/salutionhr.com\/wp-content\/uploads\/2025\/10\/clockkk-300x300.png\" alt=\"\" width=\"24\" height=\"24\" srcset=\"https:\/\/salutionhr.com\/wp-content\/uploads\/2025\/10\/clockkk-300x300.png 300w, https:\/\/salutionhr.com\/wp-content\/uploads\/2025\/10\/clockkk-150x150.png 150w, https:\/\/salutionhr.com\/wp-content\/uploads\/2025\/10\/clockkk-12x12.png 12w, https:\/\/salutionhr.com\/wp-content\/uploads\/2025\/10\/clockkk.png 512w\" sizes=\"(max-width: 24px) 100vw, 24px\" \/> D\u00edas promedio en encontrar talent: 5 d\u00edas\u00a0<\/p>\t\t\t\t\t\t\t\t<\/div>\n\t\t\t\t<\/div>\n\t\t\t\t\t<\/div>\n\t\t<\/div>\n\t\t\t\t\t<\/div>\n\t\t<\/section>\n\t\t\t\t<section class=\"elementor-section elementor-top-section elementor-element elementor-element-37feec0e elementor-section-stretched elementor-section-boxed elementor-section-height-default elementor-section-height-default\" data-id=\"37feec0e\" data-element_type=\"section\" data-e-type=\"section\" data-settings=\"{&quot;stretch_section&quot;:&quot;section-stretched&quot;}\">\n\t\t\t\t\t\t<div class=\"elementor-container elementor-column-gap-no\">\n\t\t\t\t\t<div class=\"elementor-column elementor-col-100 elementor-top-column elementor-element elementor-element-21f78f25\" data-id=\"21f78f25\" data-element_type=\"column\" data-e-type=\"column\">\n\t\t\t<div class=\"elementor-widget-wrap elementor-element-populated\">\n\t\t\t\t\t\t<div class=\"elementor-element elementor-element-64bb25e elementor-widget elementor-widget-spacer\" data-id=\"64bb25e\" data-element_type=\"widget\" data-e-type=\"widget\" data-widget_type=\"spacer.default\">\n\t\t\t\t<div class=\"elementor-widget-container\">\n\t\t\t\t\t\t\t<div class=\"elementor-spacer\">\n\t\t\t<div class=\"elementor-spacer-inner\"><\/div>\n\t\t<\/div>\n\t\t\t\t\t\t<\/div>\n\t\t\t\t<\/div>\n\t\t\t\t\t<\/div>\n\t\t<\/div>\n\t\t\t\t\t<\/div>\n\t\t<\/section>\n\t\t\t\t<section class=\"elementor-section elementor-top-section elementor-element elementor-element-c703862 elementor-section-stretched elementor-section-boxed elementor-section-height-default elementor-section-height-default\" data-id=\"c703862\" data-element_type=\"section\" data-e-type=\"section\" data-settings=\"{&quot;stretch_section&quot;:&quot;section-stretched&quot;}\">\n\t\t\t\t\t\t<div class=\"elementor-container elementor-column-gap-no\">\n\t\t\t\t\t<div class=\"elementor-column elementor-col-100 elementor-top-column elementor-element elementor-element-b0229e8\" data-id=\"b0229e8\" data-element_type=\"column\" data-e-type=\"column\">\n\t\t\t<div class=\"elementor-widget-wrap elementor-element-populated\">\n\t\t\t\t\t\t<div class=\"elementor-element elementor-element-b18ec57 elementor-widget__width-inherit elementor-widget elementor-widget-heading\" data-id=\"b18ec57\" data-element_type=\"widget\" data-e-type=\"widget\" data-widget_type=\"heading.default\">\n\t\t\t\t<div class=\"elementor-widget-container\">\n\t\t\t\t\t<h2 class=\"elementor-heading-title elementor-size-default\">Nuestro <i>Diferencial<\/i><\/h2>\t\t\t\t<\/div>\n\t\t\t\t<\/div>\n\t\t\t\t\t<\/div>\n\t\t<\/div>\n\t\t\t\t\t<\/div>\n\t\t<\/section>\n\t\t\t\t<section class=\"elementor-section elementor-top-section elementor-element elementor-element-e0f5c48 elementor-section-content-middle elementor-section-stretched elementor-section-boxed elementor-section-height-default elementor-section-height-default\" data-id=\"e0f5c48\" data-element_type=\"section\" data-e-type=\"section\" data-settings=\"{&quot;stretch_section&quot;:&quot;section-stretched&quot;}\">\n\t\t\t\t\t\t<div class=\"elementor-container elementor-column-gap-default\">\n\t\t\t\t\t<div class=\"elementor-column elementor-col-100 elementor-top-column elementor-element elementor-element-5a6ee77\" data-id=\"5a6ee77\" data-element_type=\"column\" data-e-type=\"column\">\n\t\t\t<div class=\"elementor-widget-wrap elementor-element-populated\">\n\t\t\t\t\t\t<div class=\"elementor-element elementor-element-6297c7b animated-slow elementor-invisible elementor-widget elementor-widget-text-editor\" data-id=\"6297c7b\" data-element_type=\"widget\" data-e-type=\"widget\" data-settings=\"{&quot;_animation&quot;:&quot;fadeInRight&quot;}\" data-widget_type=\"text-editor.default\">\n\t\t\t\t<div class=\"elementor-widget-container\">\n\t\t\t\t\t\t\t\t\t<div style=\"text-align: center;\">\u00a0<\/div><div>Con <i>Salution HR<\/i> asegur\u00e1s un proceso personalizado, tranquilidad, eficiencia y resultados excepcionales, de la mano de expertos que entienden tu negocio y trabajan a tu lado.<\/div>\t\t\t\t\t\t\t\t<\/div>\n\t\t\t\t<\/div>\n\t\t\t\t\t<\/div>\n\t\t<\/div>\n\t\t\t\t\t<\/div>\n\t\t<\/section>\n\t\t\t\t<section class=\"elementor-section elementor-top-section elementor-element elementor-element-897372e elementor-section-content-middle elementor-section-stretched elementor-section-boxed elementor-section-height-default elementor-section-height-default\" data-id=\"897372e\" data-element_type=\"section\" data-e-type=\"section\" data-settings=\"{&quot;stretch_section&quot;:&quot;section-stretched&quot;}\">\n\t\t\t\t\t\t<div class=\"elementor-container elementor-column-gap-default\">\n\t\t\t\t\t<div class=\"elementor-column elementor-col-100 elementor-top-column elementor-element elementor-element-710e15b\" data-id=\"710e15b\" data-element_type=\"column\" data-e-type=\"column\">\n\t\t\t<div class=\"elementor-widget-wrap elementor-element-populated\">\n\t\t\t\t\t\t<div class=\"elementor-element elementor-element-5acc6f4 animated-slow elementor-invisible elementor-widget elementor-widget-text-editor\" data-id=\"5acc6f4\" data-element_type=\"widget\" data-e-type=\"widget\" data-settings=\"{&quot;_animation&quot;:&quot;fadeInRight&quot;}\" data-widget_type=\"text-editor.default\">\n\t\t\t\t<div class=\"elementor-widget-container\">\n\t\t\t\t\t\t\t\t\t<div><p><strong><i>No solo cubrimos posiciones, dise\u00f1amos experiencias y construimos relaciones de confianza que generan resultados.<\/i><\/strong><\/p><\/div>\t\t\t\t\t\t\t\t<\/div>\n\t\t\t\t<\/div>\n\t\t\t\t\t<\/div>\n\t\t<\/div>\n\t\t\t\t\t<\/div>\n\t\t<\/section>\n\t\t\t\t<section class=\"elementor-section elementor-top-section elementor-element elementor-element-3aa5187 elementor-section-content-middle elementor-section-stretched elementor-section-boxed elementor-section-height-default elementor-section-height-default\" data-id=\"3aa5187\" data-element_type=\"section\" data-e-type=\"section\" data-settings=\"{&quot;stretch_section&quot;:&quot;section-stretched&quot;}\">\n\t\t\t\t\t\t<div class=\"elementor-container elementor-column-gap-default\">\n\t\t\t\t\t<div class=\"elementor-column elementor-col-100 elementor-top-column elementor-element elementor-element-7a29caa\" data-id=\"7a29caa\" data-element_type=\"column\" data-e-type=\"column\">\n\t\t\t<div class=\"elementor-widget-wrap elementor-element-populated\">\n\t\t\t\t\t\t<div class=\"elementor-element elementor-element-e786ff4 animated-slow elementor-invisible elementor-widget elementor-widget-text-editor\" data-id=\"e786ff4\" data-element_type=\"widget\" data-e-type=\"widget\" data-settings=\"{&quot;_animation&quot;:&quot;fadeInRight&quot;}\" data-widget_type=\"text-editor.default\">\n\t\t\t\t<div class=\"elementor-widget-container\">\n\t\t\t\t\t\t\t\t\t<div>\n<p><img loading=\"lazy\" decoding=\"async\" class=\"alignnone wp-image-1635\" src=\"https:\/\/salutionhr.com\/wp-content\/uploads\/2025\/10\/check-300x300.avif\" alt=\"\" width=\"32\" height=\"32\" srcset=\"https:\/\/salutionhr.com\/wp-content\/uploads\/2025\/10\/check-300x300.avif 300w, https:\/\/salutionhr.com\/wp-content\/uploads\/2025\/10\/check-150x150.avif 150w, https:\/\/salutionhr.com\/wp-content\/uploads\/2025\/10\/check-12x12.avif 12w, https:\/\/salutionhr.com\/wp-content\/uploads\/2025\/10\/check.avif 740w\" sizes=\"(max-width: 32px) 100vw, 32px\" \/> <b>Know-how<\/b> t\u00e9cnico y <b>conocimiento <\/b>profundo del <b>mercado<\/b>.<br><img loading=\"lazy\" decoding=\"async\" class=\"alignnone wp-image-1635\" src=\"https:\/\/salutionhr.com\/wp-content\/uploads\/2025\/10\/check-300x300.avif\" alt=\"\" width=\"32\" height=\"32\" srcset=\"https:\/\/salutionhr.com\/wp-content\/uploads\/2025\/10\/check-300x300.avif 300w, https:\/\/salutionhr.com\/wp-content\/uploads\/2025\/10\/check-150x150.avif 150w, https:\/\/salutionhr.com\/wp-content\/uploads\/2025\/10\/check-12x12.avif 12w, https:\/\/salutionhr.com\/wp-content\/uploads\/2025\/10\/check.avif 740w\" sizes=\"(max-width: 32px) 100vw, 32px\" \/> <b>Flexibilidad<\/b> real para adaptarnos a cada necesidad.<br><img loading=\"lazy\" decoding=\"async\" class=\"alignnone wp-image-1635\" src=\"https:\/\/salutionhr.com\/wp-content\/uploads\/2025\/10\/check-300x300.avif\" alt=\"\" width=\"32\" height=\"32\" srcset=\"https:\/\/salutionhr.com\/wp-content\/uploads\/2025\/10\/check-300x300.avif 300w, https:\/\/salutionhr.com\/wp-content\/uploads\/2025\/10\/check-150x150.avif 150w, https:\/\/salutionhr.com\/wp-content\/uploads\/2025\/10\/check-12x12.avif 12w, https:\/\/salutionhr.com\/wp-content\/uploads\/2025\/10\/check.avif 740w\" sizes=\"(max-width: 32px) 100vw, 32px\" \/> <b>Compromiso<\/b>, <b>humanidad<\/b> y <b>resultados<\/b> medibles.<\/p>\n<\/div>\n<div>&nbsp;<\/div>\t\t\t\t\t\t\t\t<\/div>\n\t\t\t\t<\/div>\n\t\t\t\t\t<\/div>\n\t\t<\/div>\n\t\t\t\t\t<\/div>\n\t\t<\/section>\n\t\t\t\t<\/div>","protected":false},"excerpt":{"rendered":"<p>Somos una&nbsp;C\u00eda. Boutique de HR, especializada en&nbsp;Hunting y Desarrollo de Talento Tech y Digital, con cobertura&nbsp;internacional. Acompa\u00f1amos a empresas en crecimiento y transformaci\u00f3n, conect\u00e1ndolas con profesionales que marcan la diferencia.&nbsp; \u00a0Tenemos presencia f\u00edsica en Argentina, M\u00e9xico y Estados Unidos, lo que nos permite operar con agilidad en Latinoam\u00e9rica y el mercado [&hellip;]<\/p>\n","protected":false},"author":1,"featured_media":0,"parent":0,"menu_order":0,"comment_status":"closed","ping_status":"closed","template":"","meta":{"footnotes":""},"class_list":["post-1456","page","type-page","status-publish","hentry"],"_links":{"self":[{"href":"https:\/\/salutionhr.com\/en\/wp-json\/wp\/v2\/pages\/1456","targetHints":{"allow":["GET"]}}],"collection":[{"href":"https:\/\/salutionhr.com\/en\/wp-json\/wp\/v2\/pages"}],"about":[{"href":"https:\/\/salutionhr.com\/en\/wp-json\/wp\/v2\/types\/page"}],"author":[{"embeddable":true,"href":"https:\/\/salutionhr.com\/en\/wp-json\/wp\/v2\/users\/1"}],"replies":[{"embeddable":true,"href":"https:\/\/salutionhr.com\/en\/wp-json\/wp\/v2\/comments?post=1456"}],"version-history":[{"count":80,"href":"https:\/\/salutionhr.com\/en\/wp-json\/wp\/v2\/pages\/1456\/revisions"}],"predecessor-version":[{"id":1694,"href":"https:\/\/salutionhr.com\/en\/wp-json\/wp\/v2\/pages\/1456\/revisions\/1694"}],"wp:attachment":[{"href":"https:\/\/salutionhr.com\/en\/wp-json\/wp\/v2\/media?parent=1456"}],"curies":[{"name":"wp","href":"https:\/\/api.w.org\/{rel}","templated":true}]}}